{"id":17,"date":"2020-11-28T15:49:26","date_gmt":"2020-11-28T14:49:26","guid":{"rendered":"http:\/\/mer-ko.eu\/?page_id=17"},"modified":"2021-01-28T20:32:10","modified_gmt":"2021-01-28T19:32:10","slug":"o-firmie","status":"publish","type":"page","link":"https:\/\/www.mer-ko.pl\/index.php\/o-firmie\/","title":{"rendered":"O firmie"},"content":{"rendered":"\n<h2 class=\"has-text-align-center wp-block-heading\">MER-KO Sp. z o.o. &#8211; 12 lat do\u015bwiadczenia.<\/h2>\n\n\n\n<\/br><\/br><\/br><\/br><\/br>\n\n\n\n<div class=\"wp-block-columns is-layout-flex wp-container-core-columns-is-layout-1 wp-block-columns-is-layout-flex\">\n<div class=\"wp-block-column is-layout-flow wp-block-column-is-layout-flow\" style=\"flex-basis:33.33%\">\n<iframe loading=\"lazy\" src=\"https:\/\/www.google.com\/maps\/embed?pb=!1m14!1m8!1m3!1d9485.180163434507!2d16.0112452!3d53.534646!3m2!1i1024!2i768!4f13.1!3m3!1m2!1s0x0%3A0x4d3a6db9b8d6d1e5!2sMER-KO%20Sp.%20z%20o.o.!5e0!3m2!1spl!2spl!4v1606583005902!5m2!1spl!2spl\" style=\"border:0;\" background-color=\"white\" allowfullscreen=\"\" aria-hidden=\"false\" tabindex=\"0\" width=\"600\" height=\"450\" frameborder=\"0\"><\/iframe>\n<\/div>\n\n\n\n<div class=\"wp-block-column is-layout-flow wp-block-column-is-layout-flow\" style=\"flex-basis:66.66%\">\n<p>Firma <strong>MER-KO<\/strong> zosta\u0142a za\u0142o\u017cona w 2009 roku jako jednoosobowa dzia\u0142alno\u015b\u0107 gospodarcza. W 2020 roku przekszta\u0142cili\u015bmy si\u0119 w sp\u00f3\u0142k\u0119 z ograniczona odpowiedzialno\u015bci\u0105. Przedsi\u0119biorstwo od lat \u015bwiadczy us\u0142ugi w bran\u017cy instalatorskiej, gwarantuje wysok\u0105 jako\u015b\u0107 wykonywanych us\u0142ug, dogodne terminy realizacji oraz atrakcyjne ceny. G\u0142\u00f3wnym rynkiem naszego przedsi\u0119biorstwa jest teren wojew\u00f3dztwa zachodniopomorskiego oraz wielkopolskiego.<\/p>\n\n\n\n<p>Firma specjalizuje si\u0119 w monta\u017cu i serwisowaniu klimatyzacji oraz pomp ciep\u0142a (pierwsze urz\u0105dzenie za\u0142o\u017cone przez wsp\u00f3\u0142w\u0142a\u015bciciela funkcjonuje nieprzerwanie od 2006 roku). Dzi\u0119ki naszemu do\u015bwiadczeniu jeste\u015bmy w stanie w optymalny spos\u00f3b dobra\u0107 pomp\u0119 ciep\u0142a oraz klimatyzator. Od lat posiadamy tak\u017ce grono zadowolonych klient\u00f3w z instalacji TV, SAT oraz monitoringu wizyjnego.<\/p>\n<\/div>\n<\/div>\n\n\n\n<p><\/p>\n","protected":false},"excerpt":{"rendered":"<p>MER-KO Sp. z o.o. &#8211; 12 lat do\u015bwiadczenia. Firma MER-KO zosta\u0142a za\u0142o\u017cona w 2009 roku jako jednoosobowa dzia\u0142alno\u015b\u0107 gospodarcza. W 2020 roku przekszta\u0142cili\u015bmy si\u0119 w sp\u00f3\u0142k\u0119 z ograniczona odpowiedzialno\u015bci\u0105. Przedsi\u0119biorstwo od lat \u015bwiadczy us\u0142ugi w bran\u017cy instalatorskiej, gwarantuje wysok\u0105 jako\u015b\u0107 wykonywanych us\u0142ug, dogodne terminy realizacji oraz atrakcyjne ceny. G\u0142\u00f3wnym rynkiem naszego przedsi\u0119biorstwa jest teren wojew\u00f3dztwa&hellip; <br \/> <a class=\"read-more\" href=\"https:\/\/www.mer-ko.pl\/index.php\/o-firmie\/\">Dowiedz si\u0119 wi\u0119cej<\/a><\/p>\n","protected":false},"author":1,"featured_media":0,"parent":0,"menu_order":0,"comment_status":"closed","ping_status":"closed","template":"","meta":{"footnotes":""},"class_list":["post-17","page","type-page","status-publish","hentry"],"_links":{"self":[{"href":"https:\/\/www.mer-ko.pl\/index.php\/wp-json\/wp\/v2\/pages\/17","targetHints":{"allow":["GET"]}}],"collection":[{"href":"https:\/\/www.mer-ko.pl\/index.php\/wp-json\/wp\/v2\/pages"}],"about":[{"href":"https:\/\/www.mer-ko.pl\/index.php\/wp-json\/wp\/v2\/types\/page"}],"author":[{"embeddable":true,"href":"https:\/\/www.mer-ko.pl\/index.php\/wp-json\/wp\/v2\/users\/1"}],"replies":[{"embeddable":true,"href":"https:\/\/www.mer-ko.pl\/index.php\/wp-json\/wp\/v2\/comments?post=17"}],"version-history":[{"count":16,"href":"https:\/\/www.mer-ko.pl\/index.php\/wp-json\/wp\/v2\/pages\/17\/revisions"}],"predecessor-version":[{"id":229,"href":"https:\/\/www.mer-ko.pl\/index.php\/wp-json\/wp\/v2\/pages\/17\/revisions\/229"}],"wp:attachment":[{"href":"https:\/\/www.mer-ko.pl\/index.php\/wp-json\/wp\/v2\/media?parent=17"}],"curies":[{"name":"wp","href":"https:\/\/api.w.org\/{rel}","templated":true}]}}